{"id":1088,"date":"2020-11-15T20:28:20","date_gmt":"2020-11-16T01:28:20","guid":{"rendered":"http:\/\/72.52.162.119\/~casavision\/?page_id=1088"},"modified":"2020-11-23T21:58:28","modified_gmt":"2020-11-24T02:58:28","slug":"degenerescence-maculaire","status":"publish","type":"page","link":"https:\/\/casa-vision.com\/fr\/degenerescence-maculaire\/","title":{"rendered":"D\u00e9g\u00e9n\u00e9rescence maculaire"},"content":{"rendered":"\t\t<div data-elementor-type=\"wp-page\" data-elementor-id=\"1088\" class=\"elementor elementor-1088\">\n\t\t\t\t\t\t<section class=\"elementor-section elementor-top-section elementor-element elementor-element-2ee1aee elementor-section-boxed elementor-section-height-default elementor-section-height-default\" data-id=\"2ee1aee\" data-element_type=\"section\" data-e-type=\"section\" data-settings=\"{&quot;background_background&quot;:&quot;classic&quot;}\">\n\t\t\t\t\t\t<div class=\"elementor-container elementor-column-gap-no\">\n\t\t\t\t\t<div class=\"elementor-column elementor-col-100 elementor-top-column elementor-element elementor-element-6b6d86b\" data-id=\"6b6d86b\" data-element_type=\"column\" data-e-type=\"column\">\n\t\t\t<div class=\"elementor-widget-wrap elementor-element-populated\">\n\t\t\t\t\t\t<div class=\"elementor-element elementor-element-4d3a536 hyphen elementor-widget elementor-widget-heading\" data-id=\"4d3a536\" data-element_type=\"widget\" data-e-type=\"widget\" data-widget_type=\"heading.default\">\n\t\t\t\t<div class=\"elementor-widget-container\">\n\t\t\t\t\t<h1 class=\"elementor-heading-title elementor-size-default\">D\u00e9g\u00e9n\u00e9rescence maculaire<\/h1>\t\t\t\t<\/div>\n\t\t\t\t<\/div>\n\t\t\t\t\t<\/div>\n\t\t<\/div>\n\t\t\t\t\t<\/div>\n\t\t<\/section>\n\t\t\t\t<section class=\"elementor-section elementor-top-section elementor-element elementor-element-65103e1 elementor-section-boxed elementor-section-height-default elementor-section-height-default\" data-id=\"65103e1\" data-element_type=\"section\" data-e-type=\"section\">\n\t\t\t\t\t\t<div class=\"elementor-container elementor-column-gap-no\">\n\t\t\t\t\t<div class=\"elementor-column elementor-col-33 elementor-top-column elementor-element elementor-element-ff2cb4b\" data-id=\"ff2cb4b\" data-element_type=\"column\" data-e-type=\"column\">\n\t\t\t<div class=\"elementor-widget-wrap elementor-element-populated\">\n\t\t\t\t\t\t<div class=\"elementor-element elementor-element-682bda9 elementor-widget elementor-widget-heading\" data-id=\"682bda9\" data-element_type=\"widget\" data-e-type=\"widget\" data-widget_type=\"heading.default\">\n\t\t\t\t<div class=\"elementor-widget-container\">\n\t\t\t\t\t<h2 class=\"elementor-heading-title elementor-size-default\">La d\u00e9tection est la cl\u00e9 pour sauver votre vue<\/h2>\t\t\t\t<\/div>\n\t\t\t\t<\/div>\n\t\t\t\t<div class=\"elementor-element elementor-element-3c87838 elementor-widget elementor-widget-text-editor\" data-id=\"3c87838\" data-element_type=\"widget\" data-e-type=\"widget\" data-widget_type=\"text-editor.default\">\n\t\t\t\t<div class=\"elementor-widget-container\">\n\t\t\t\t\t\t\t\t\t<p>La d\u00e9g\u00e9n\u00e9rescence maculaire est une maladie oculaire courante qui provoque une d\u00e9t\u00e9rioration de la macula, de la zone centrale de la r\u00e9tine, du tissu mince comme du papier \u00e0 l&rsquo;arri\u00e8re de l&rsquo;\u0153il o\u00f9 les cellules sensibles \u00e0 la lumi\u00e8re envoient des signaux visuels au cerveau. Une vision nette, claire et \u00abdroit devant\u00bb est trait\u00e9e par la macula. Les dommages \u00e0 la macula entra\u00eenent le d\u00e9veloppement de taches aveugles et une vision floue ou d\u00e9form\u00e9e.<\/p><p>La plupart des articles que vous verrez sur Internet font r\u00e9f\u00e9rence \u00e0 la d\u00e9g\u00e9n\u00e9rescence maculaire li\u00e9e \u00e0 l&rsquo;\u00e2ge, car elle est le plus souvent associ\u00e9e au vieillissement, mais il est important de se rappeler que l&rsquo;alimentation, le mode de vie et la g\u00e9n\u00e9tique jouent un r\u00f4le dans la formation de cette maladie. La <strong>d\u00e9g\u00e9n\u00e9rescence maculaire li\u00e9e \u00e0 l&rsquo;\u00e2ge<\/strong> (DMLA) est la principale cause de perte de vision et de c\u00e9cit\u00e9 chez les personnes de plus de 50 ans dans le monde occidental, touchant environ <strong>25 \u00e0 30 millions de personnes<\/strong>.<\/p><p>Il existe deux formes de d\u00e9g\u00e9n\u00e9rescence maculaire \u00ab<strong>forme humide<\/strong>\u00bb et \u00ab<strong>forme s\u00e8che<\/strong>\u00bb.<\/p>\t\t\t\t\t\t\t\t<\/div>\n\t\t\t\t<\/div>\n\t\t\t\t\t<\/div>\n\t\t<\/div>\n\t\t\t\t<div class=\"elementor-column elementor-col-33 elementor-top-column elementor-element elementor-element-462fc19 elementor-hidden-tablet\" data-id=\"462fc19\" data-element_type=\"column\" data-e-type=\"column\">\n\t\t\t<div class=\"elementor-widget-wrap\">\n\t\t\t\t\t\t\t<\/div>\n\t\t<\/div>\n\t\t\t\t<div class=\"elementor-column elementor-col-33 elementor-top-column elementor-element elementor-element-f13b528\" data-id=\"f13b528\" data-element_type=\"column\" data-e-type=\"column\">\n\t\t\t<div class=\"elementor-widget-wrap elementor-element-populated\">\n\t\t\t\t\t\t<div class=\"elementor-element elementor-element-0f8b9a2 elementor-widget elementor-widget-image\" data-id=\"0f8b9a2\" data-element_type=\"widget\" data-e-type=\"widget\" data-widget_type=\"image.default\">\n\t\t\t\t<div class=\"elementor-widget-container\">\n\t\t\t\t\t\t\t\t\t\t\t\t\t\t\t<img fetchpriority=\"high\" decoding=\"async\" width=\"696\" height=\"900\" src=\"https:\/\/casa-vision.com\/wp-content\/uploads\/2020\/11\/ipad-new.png\" class=\"attachment-large size-large wp-image-743\" alt=\"\" srcset=\"https:\/\/casa-vision.com\/wp-content\/uploads\/2020\/11\/ipad-new.png 696w, https:\/\/casa-vision.com\/wp-content\/uploads\/2020\/11\/ipad-new-232x300.png 232w\" sizes=\"(max-width: 696px) 100vw, 696px\" \/>\t\t\t\t\t\t\t\t\t\t\t\t\t\t\t<\/div>\n\t\t\t\t<\/div>\n\t\t\t\t\t<\/div>\n\t\t<\/div>\n\t\t\t\t\t<\/div>\n\t\t<\/section>\n\t\t\t\t<section class=\"elementor-section elementor-top-section elementor-element elementor-element-3f8b328 elementor-section-content-top elementor-section-boxed elementor-section-height-default elementor-section-height-default\" data-id=\"3f8b328\" data-element_type=\"section\" data-e-type=\"section\" data-settings=\"{&quot;background_background&quot;:&quot;gradient&quot;}\">\n\t\t\t\t\t\t<div class=\"elementor-container elementor-column-gap-default\">\n\t\t\t\t\t<div class=\"elementor-column elementor-col-100 elementor-top-column elementor-element elementor-element-79cd38f\" data-id=\"79cd38f\" data-element_type=\"column\" data-e-type=\"column\">\n\t\t\t<div class=\"elementor-widget-wrap elementor-element-populated\">\n\t\t\t\t\t\t<div class=\"elementor-element elementor-element-65d48c6 elementor-widget elementor-widget-heading\" data-id=\"65d48c6\" data-element_type=\"widget\" data-e-type=\"widget\" data-widget_type=\"heading.default\">\n\t\t\t\t<div class=\"elementor-widget-container\">\n\t\t\t\t\t<h2 class=\"elementor-heading-title elementor-size-default\">La forme s\u00e8che<\/h2>\t\t\t\t<\/div>\n\t\t\t\t<\/div>\n\t\t\t\t<div class=\"elementor-element elementor-element-ea57ffa elementor-widget elementor-widget-text-editor\" data-id=\"ea57ffa\" data-element_type=\"widget\" data-e-type=\"widget\" data-widget_type=\"text-editor.default\">\n\t\t\t\t<div class=\"elementor-widget-container\">\n\t\t\t\t\t\t\t\t\t<p>Les patients atteints de d\u00e9g\u00e9n\u00e9rescence maculaire de forme \u00ab<strong>s\u00e8che<\/strong>\u00bb ont des r\u00e9tines centrales d\u00e9form\u00e9es, pigment\u00e9es ou le plus souvent amincies.<\/p><p>Avec la d\u00e9g\u00e9n\u00e9rescence maculaire s\u00e8che, la mauvaise nouvelle est qu&rsquo;une fois que la r\u00e9tine a disparu, elle ne peut plus \u00eatre remplac\u00e9e. C&rsquo;est comme si le film (r\u00e9tine) de votre cam\u00e9ra oculaire (\u0153il) avait d\u00e9velopp\u00e9 un trou au milieu. Nous ne sommes pas encore en mesure de transplanter la r\u00e9tine d&rsquo;un patient \u00e0 un autre.<\/p><p>La \u00ab<strong>lueur d&rsquo;espoir<\/strong>\u00bb pour la plupart des patients atteints de d\u00e9g\u00e9n\u00e9rescence maculaire s\u00e8che est que la plupart des patients perdent leur vision centrale tr\u00e8s lentement et que de nombreux patients conservent l&rsquo;essentiel de leur vision. En g\u00e9n\u00e9ral, les patients atteints de d\u00e9g\u00e9n\u00e9rescence maculaire s\u00e8che ne deviennent pas aveugles, bien qu\u2019ils puissent avoir une mauvaise vision centrale.<\/p>\t\t\t\t\t\t\t\t<\/div>\n\t\t\t\t<\/div>\n\t\t\t\t\t<\/div>\n\t\t<\/div>\n\t\t\t\t<div class=\"elementor-column elementor-col-100 elementor-top-column elementor-element elementor-element-62072e5\" data-id=\"62072e5\" data-element_type=\"column\" data-e-type=\"column\">\n\t\t\t<div class=\"elementor-widget-wrap elementor-element-populated\">\n\t\t\t\t\t\t<div class=\"elementor-element elementor-element-2d62fba elementor-widget elementor-widget-heading\" data-id=\"2d62fba\" data-element_type=\"widget\" data-e-type=\"widget\" data-widget_type=\"heading.default\">\n\t\t\t\t<div class=\"elementor-widget-container\">\n\t\t\t\t\t<h2 class=\"elementor-heading-title elementor-size-default\">La forme humide<\/h2>\t\t\t\t<\/div>\n\t\t\t\t<\/div>\n\t\t\t\t<div class=\"elementor-element elementor-element-a128093 elementor-widget elementor-widget-text-editor\" data-id=\"a128093\" data-element_type=\"widget\" data-e-type=\"widget\" data-widget_type=\"text-editor.default\">\n\t\t\t\t<div class=\"elementor-widget-container\">\n\t\t\t\t\t\t\t\t\t<p>La forme \u00ab<strong>humide<\/strong>\u00bb de d\u00e9g\u00e9n\u00e9rescence maculaire est une maladie plus grave. Les patients atteints de d\u00e9g\u00e9n\u00e9rescence maculaire humide peuvent d\u00e9velopper des vaisseaux sanguins anormaux sous leur r\u00e9tine. Ces vaisseaux sanguins sont comme des fils mal isol\u00e9s. Ils fuient leur contenu sous et dans la r\u00e9tine <strong>[s\u00e9rum (liquide), cellules sanguines et graisses]<\/strong>. Lorsque les sp\u00e9cialistes de la vue examinent une macula affect\u00e9e par la d\u00e9g\u00e9n\u00e9rescence maculaire humide, ils voient ces graisses, liquides et \/ ou globules rouges. Comme une coupure sur votre bras, le sang et le liquide finiront par s\u00e9cher et laisseront une cicatrice dans la macula. Puisque cette cicatrice se produit au centre de la vision, elle cr\u00e9e une tache noire ou grise dans la vision appel\u00e9e scotome.<\/p><p>Les patients atteints de d\u00e9g\u00e9n\u00e9rescence maculaire humide ont g\u00e9n\u00e9ralement plusieurs \u00e9pisodes de formation de nouveaux vaisseaux sanguins. Cela peut provoquer plusieurs \u00e9pisodes de fuite et de saignement dans la macula. Par cons\u00e9quent, tout traitement qui ne corrige pas la cause sous-jacente de cette formation et fuite de nouveaux vaisseaux sanguins ne fournira qu&rsquo;une aide temporaire \u00e0 la plupart des patients.<\/p>\t\t\t\t\t\t\t\t<\/div>\n\t\t\t\t<\/div>\n\t\t\t\t<div class=\"elementor-element elementor-element-87a77be elementor-widget elementor-widget-menu-anchor\" data-id=\"87a77be\" data-element_type=\"widget\" data-e-type=\"widget\" data-widget_type=\"menu-anchor.default\">\n\t\t\t\t<div class=\"elementor-widget-container\">\n\t\t\t\t\t\t\t<div class=\"elementor-menu-anchor\" id=\"prevention\"><\/div>\n\t\t\t\t\t\t<\/div>\n\t\t\t\t<\/div>\n\t\t\t\t\t<\/div>\n\t\t<\/div>\n\t\t\t\t\t<\/div>\n\t\t<\/section>\n\t\t\t\t<section class=\"elementor-section elementor-top-section elementor-element elementor-element-13f78ea elementor-section-boxed elementor-section-height-default elementor-section-height-default\" data-id=\"13f78ea\" data-element_type=\"section\" data-e-type=\"section\" data-settings=\"{&quot;background_background&quot;:&quot;classic&quot;}\">\n\t\t\t\t\t\t\t<div class=\"elementor-background-overlay\"><\/div>\n\t\t\t\t\t\t\t<div class=\"elementor-container elementor-column-gap-no\">\n\t\t\t\t\t<div class=\"elementor-column elementor-col-100 elementor-top-column elementor-element elementor-element-0b2c607\" data-id=\"0b2c607\" data-element_type=\"column\" data-e-type=\"column\">\n\t\t\t<div class=\"elementor-widget-wrap elementor-element-populated\">\n\t\t\t\t\t\t<div class=\"elementor-element elementor-element-49b42e0 elementor-widget elementor-widget-heading\" data-id=\"49b42e0\" data-element_type=\"widget\" data-e-type=\"widget\" data-widget_type=\"heading.default\">\n\t\t\t\t<div class=\"elementor-widget-container\">\n\t\t\t\t\t<h2 class=\"elementor-heading-title elementor-size-default\">Pr\u00e9vention<\/h2>\t\t\t\t<\/div>\n\t\t\t\t<\/div>\n\t\t\t\t<section class=\"elementor-section elementor-inner-section elementor-element elementor-element-5081270 elementor-section-boxed elementor-section-height-default elementor-section-height-default\" data-id=\"5081270\" data-element_type=\"section\" data-e-type=\"section\">\n\t\t\t\t\t\t<div class=\"elementor-container elementor-column-gap-default\">\n\t\t\t\t\t<div class=\"elementor-column elementor-col-33 elementor-inner-column elementor-element elementor-element-152a0cc\" data-id=\"152a0cc\" data-element_type=\"column\" data-e-type=\"column\">\n\t\t\t<div class=\"elementor-widget-wrap elementor-element-populated\">\n\t\t\t\t\t\t<div class=\"elementor-element elementor-element-dbeb6e3 elementor-widget elementor-widget-text-editor\" data-id=\"dbeb6e3\" data-element_type=\"widget\" data-e-type=\"widget\" data-widget_type=\"text-editor.default\">\n\t\t\t\t<div class=\"elementor-widget-container\">\n\t\t\t\t\t\t\t\t\t<h4>La d\u00e9tection pr\u00e9coce est vitale<\/h4>\t\t\t\t\t\t\t\t<\/div>\n\t\t\t\t<\/div>\n\t\t\t\t<div class=\"elementor-element elementor-element-c46756e elementor-widget elementor-widget-text-editor\" data-id=\"c46756e\" data-element_type=\"widget\" data-e-type=\"widget\" data-widget_type=\"text-editor.default\">\n\t\t\t\t<div class=\"elementor-widget-container\">\n\t\t\t\t\t\t\t\t\t<p>Lorsque la macula est endommag\u00e9e, de nombreuses activit\u00e9s quotidiennes telles que la conduite et la lecture deviennent de plus en plus difficiles. Les personnes atteintes de d\u00e9g\u00e9n\u00e9rescence maculaire sont souvent surprises et frustr\u00e9es de savoir \u00e0 quel point on en sait peu sur les causes et le traitement de cette maladie aveuglante.<\/p><p>Il n&rsquo;y a pas de rem\u00e8de r\u00e9ussi \u00e0 100% pour la d\u00e9g\u00e9n\u00e9rescence maculaire &#8211; seulement des traitements pour emp\u00eacher l&rsquo;aggravation de la maladie. C&rsquo;est pourquoi la d\u00e9tection pr\u00e9coce est vitale.<\/p><p>Des outils tels que le D\u00e9pistage visuel de C.A.S.A. Vision sont essentiels pour aider au maintien de votre vision et \u00e0 la d\u00e9tection pr\u00e9coce de la forme \u00abhumide\u00bb de d\u00e9g\u00e9n\u00e9rescence maculaire. Vous pouvez d\u00e9tecter les changements dans votre vision en utilisant le d\u00e9pistage visuel C.A.S.A. Vision pour tester votre vision.<\/p>\t\t\t\t\t\t\t\t<\/div>\n\t\t\t\t<\/div>\n\t\t\t\t<div class=\"elementor-element elementor-element-fe579c4 elementor-widget elementor-widget-raven-button\" data-id=\"fe579c4\" data-element_type=\"widget\" data-e-type=\"widget\" data-settings=\"{&quot;turn_to_popup_action_button&quot;:&quot;no&quot;}\" data-widget_type=\"raven-button.default\">\n\t\t\t\t<div class=\"elementor-widget-container\">\n\t\t\t\t\t\t\t<div class=\"raven-widget-wrapper\">\n\t\t\t<a class=\"raven-button raven-button-widget-normal-effect-none  raven-button-text-align-center raven-button-link elementor-animation-none\" href=\"https:\/\/casa-vision.com\/fr\/depistage-visuel-casa-vision\/\">\t\t\t\t<div class=\"raven-button-overlay\" ><\/div>\n\t\t\t\t<span class=\"raven-button-content\">\n\t\t\t\t\t\n\t\t\t\t\t<div class=\"button-text-container\">\n\t\t\t\t\t\t\t\t\t\t\t\t<div class=\"raven-button-texts-wrapper\">\n\t\t\t\t\t\t\t<div class=\"button-text\">\n\t\t\t\t\t\t\t\t<span class=\"raven-button-text\">\n\t\t\t\t\t\t\t\t\tD\u00e9pistage visuel C.A.S.A. Vision \t\t\t\t\t\t\t\t<\/span>\n\t\t\t\t\t\t\t<\/div>\n\t\t\t\t\t\t\t\t\t\t\t\t\t<\/div>\n\t\t\t\t\t\t\t\t\t\t\t<\/div>\n\t\t\t\t\t\n\t\t\t\t\t\t\t\t\t<\/span>\n\t\t\t<\/a>\t\t<\/div>\n\t\t\t\t\t\t<\/div>\n\t\t\t\t<\/div>\n\t\t\t\t\t<\/div>\n\t\t<\/div>\n\t\t\t\t<div class=\"elementor-column elementor-col-33 elementor-inner-column elementor-element elementor-element-af2b39f\" data-id=\"af2b39f\" data-element_type=\"column\" data-e-type=\"column\">\n\t\t\t<div class=\"elementor-widget-wrap\">\n\t\t\t\t\t\t\t<\/div>\n\t\t<\/div>\n\t\t\t\t<div class=\"elementor-column elementor-col-33 elementor-inner-column elementor-element elementor-element-7bae01b\" data-id=\"7bae01b\" data-element_type=\"column\" data-e-type=\"column\" data-settings=\"{&quot;background_background&quot;:&quot;classic&quot;}\">\n\t\t\t<div class=\"elementor-widget-wrap elementor-element-populated\">\n\t\t\t\t\t\t<div class=\"elementor-element elementor-element-4d2a00f hyphen elementor-widget elementor-widget-text-editor\" data-id=\"4d2a00f\" data-element_type=\"widget\" data-e-type=\"widget\" data-widget_type=\"text-editor.default\">\n\t\t\t\t<div class=\"elementor-widget-container\">\n\t\t\t\t\t\t\t\t\t<p>La pr\u00e9vention pour la d\u00e9g\u00e9n\u00e9rescence maculaire (DMLA)<\/p>\t\t\t\t\t\t\t\t<\/div>\n\t\t\t\t<\/div>\n\t\t\t\t<div class=\"elementor-element elementor-element-658fe2d elementor-widget elementor-widget-text-editor\" data-id=\"658fe2d\" data-element_type=\"widget\" data-e-type=\"widget\" data-widget_type=\"text-editor.default\">\n\t\t\t\t<div class=\"elementor-widget-container\">\n\t\t\t\t\t\t\t\t\t<ul><li>Ayez une alimentation nutritive qui contient un niveau \u00e9lev\u00e9 d&rsquo;antioxydants, en particulier les l\u00e9gumes \u00e0 feuilles vert fonc\u00e9 (\u00e9pinards) et aussi les carottes.<\/li><li>Prot\u00e9gez vos yeux des rayons UV nocifs du soleil.<\/li><li>Ne fumez pas.<\/li><li>Maintenez un poids sant\u00e9.<\/li><li>R\u00e9duire la consommation de gras.<\/li><li>Si vous souffrez d&rsquo;hypertension, surveillez r\u00e9guli\u00e8rement votre tension art\u00e9rielle et maintenez un niveau normal.<\/li><li>Prenez rendez-vous pour un examen de la vue chez votre optom\u00e9triste ou ophtalmologiste.<\/li><li>Surveillez votre vision r\u00e9guli\u00e8rement avec le d\u00e9pistage visuel de C.A.S.A. Vision et la grille d\u2019amsler.<\/li><\/ul>\t\t\t\t\t\t\t\t<\/div>\n\t\t\t\t<\/div>\n\t\t\t\t\t<\/div>\n\t\t<\/div>\n\t\t\t\t\t<\/div>\n\t\t<\/section>\n\t\t\t\t\t<\/div>\n\t\t<\/div>\n\t\t\t\t\t<\/div>\n\t\t<\/section>\n\t\t\t\t<\/div>\n\t\t","protected":false},"excerpt":{"rendered":"<p>D\u00e9g\u00e9n\u00e9rescence maculaire La d\u00e9tection est la cl\u00e9 pour sauver votre vue La d\u00e9g\u00e9n\u00e9rescence maculaire est une maladie oculaire courante qui provoque une d\u00e9t\u00e9rioration de la macula, de la zone centrale de la r\u00e9tine, du tissu mince comme du papier \u00e0 l&rsquo;arri\u00e8re de l&rsquo;\u0153il o\u00f9 les cellules sensibles \u00e0 la lumi\u00e8re envoient des signaux visuels au [&hellip;]<\/p>\n","protected":false},"author":1,"featured_media":0,"parent":0,"menu_order":0,"comment_status":"closed","ping_status":"closed","template":"elementor_header_footer","meta":{"_acf_changed":false,"footnotes":""},"class_list":["post-1088","page","type-page","status-publish","hentry"],"acf":[],"_links":{"self":[{"href":"https:\/\/casa-vision.com\/fr\/wp-json\/wp\/v2\/pages\/1088","targetHints":{"allow":["GET"]}}],"collection":[{"href":"https:\/\/casa-vision.com\/fr\/wp-json\/wp\/v2\/pages"}],"about":[{"href":"https:\/\/casa-vision.com\/fr\/wp-json\/wp\/v2\/types\/page"}],"author":[{"embeddable":true,"href":"https:\/\/casa-vision.com\/fr\/wp-json\/wp\/v2\/users\/1"}],"replies":[{"embeddable":true,"href":"https:\/\/casa-vision.com\/fr\/wp-json\/wp\/v2\/comments?post=1088"}],"version-history":[{"count":26,"href":"https:\/\/casa-vision.com\/fr\/wp-json\/wp\/v2\/pages\/1088\/revisions"}],"predecessor-version":[{"id":1454,"href":"https:\/\/casa-vision.com\/fr\/wp-json\/wp\/v2\/pages\/1088\/revisions\/1454"}],"wp:attachment":[{"href":"https:\/\/casa-vision.com\/fr\/wp-json\/wp\/v2\/media?parent=1088"}],"curies":[{"name":"wp","href":"https:\/\/api.w.org\/{rel}","templated":true}]}}