{"id":1090,"date":"2020-11-15T20:28:53","date_gmt":"2020-11-16T01:28:53","guid":{"rendered":"http:\/\/72.52.162.119\/~casavision\/?page_id=1090"},"modified":"2020-11-22T17:21:12","modified_gmt":"2020-11-22T22:21:12","slug":"politique-de-confidentialite","status":"publish","type":"page","link":"https:\/\/casa-vision.com\/fr\/politique-de-confidentialite\/","title":{"rendered":"Politique de confidentialit\u00e9"},"content":{"rendered":"\t\t<div data-elementor-type=\"wp-page\" data-elementor-id=\"1090\" class=\"elementor elementor-1090\">\n\t\t\t\t\t\t<section class=\"elementor-section elementor-top-section elementor-element elementor-element-2ee1aee elementor-section-boxed elementor-section-height-default elementor-section-height-default\" data-id=\"2ee1aee\" data-element_type=\"section\" data-e-type=\"section\" data-settings=\"{&quot;background_background&quot;:&quot;classic&quot;}\">\n\t\t\t\t\t\t<div class=\"elementor-container elementor-column-gap-no\">\n\t\t\t\t\t<div class=\"elementor-column elementor-col-100 elementor-top-column elementor-element elementor-element-6b6d86b\" data-id=\"6b6d86b\" data-element_type=\"column\" data-e-type=\"column\">\n\t\t\t<div class=\"elementor-widget-wrap elementor-element-populated\">\n\t\t\t\t\t\t<div class=\"elementor-element elementor-element-4d3a536 hyphen elementor-widget elementor-widget-heading\" data-id=\"4d3a536\" data-element_type=\"widget\" data-e-type=\"widget\" data-widget_type=\"heading.default\">\n\t\t\t\t<div class=\"elementor-widget-container\">\n\t\t\t\t\t<h1 class=\"elementor-heading-title elementor-size-default\">Politique de confidentialit\u00e9<\/h1>\t\t\t\t<\/div>\n\t\t\t\t<\/div>\n\t\t\t\t\t<\/div>\n\t\t<\/div>\n\t\t\t\t\t<\/div>\n\t\t<\/section>\n\t\t\t\t<section class=\"elementor-section elementor-top-section elementor-element elementor-element-65103e1 elementor-section-boxed elementor-section-height-default elementor-section-height-default\" data-id=\"65103e1\" data-element_type=\"section\" data-e-type=\"section\">\n\t\t\t\t\t\t<div class=\"elementor-container elementor-column-gap-no\">\n\t\t\t\t\t<div class=\"elementor-column elementor-col-100 elementor-top-column elementor-element elementor-element-95071df\" data-id=\"95071df\" data-element_type=\"column\" data-e-type=\"column\">\n\t\t\t<div class=\"elementor-widget-wrap elementor-element-populated\">\n\t\t\t\t\t\t<div class=\"elementor-element elementor-element-a39f077 elementor-widget elementor-widget-text-editor\" data-id=\"a39f077\" data-element_type=\"widget\" data-e-type=\"widget\" data-widget_type=\"text-editor.default\">\n\t\t\t\t<div class=\"elementor-widget-container\">\n\t\t\t\t\t\t\t\t\t<p><strong>Introduction<\/strong><\/p>\n<p>Casa Vision est un chef de file dans l&rsquo;\u00e9tablissement de normes \u00e9thiques pour les sites Web de sant\u00e9 Internet Practioner. Casa Vision se consacre \u00e0 l&rsquo;\u00e9tablissement des normes les plus \u00e9lev\u00e9es en mati\u00e8re de confidentialit\u00e9, de s\u00e9curit\u00e9, de cr\u00e9dibilit\u00e9 et de fiabilit\u00e9. Nous pr\u00e9sentons cette politique pour vous donner une compr\u00e9hension claire de la fa\u00e7on dont nous exploitons notre site Web et comment nous traitons vos informations personnelles.<\/p>\n<p>Cette politique de confidentialit\u00e9 peut \u00eatre r\u00e9vis\u00e9e p\u00e9riodiquement. Lorsque nous apportons des changements importants qui affectent notre collecte et notre utilisation de vos informations personnelles ou nos pratiques de s\u00e9curit\u00e9, nous publierons un avis sur la page d&rsquo;accueil de Casa Vision pendant 30 jours. Les modifications les plus r\u00e9centes apport\u00e9es \u00e0 la politique seront not\u00e9es dans une couleur diff\u00e9rente dans la politique. Vous pouvez cliquer sur l&rsquo;un de ces domaines pour trouver des informations sur le changement et comment il peut vous affecter. Vous pourrez \u00e9galement acc\u00e9der \u00e0 toutes les politiques de confidentialit\u00e9 pr\u00e9c\u00e9dentes via des hyperliens en haut de cette page. Nous vous recommandons de lire notre politique de confidentialit\u00e9 chaque fois que vous visitez notre site au cas o\u00f9 vous auriez manqu\u00e9 notre avis ou ne vous \u00eates pas inscrit auparavant \u00e0 un service ou \u00e0 une fonctionnalit\u00e9 de notre site.<\/p>\n<p>Lorsque vous visitez et naviguez sur notre site Web, nous ne collecterons pas d&rsquo;informations personnelles vous concernant \u00e0 moins que vous ne nous fournissiez ces informations volontairement. Par \u00abinformations personnelles\u00bb, nous entendons des donn\u00e9es propres \u00e0 un individu, telles qu&rsquo;un nom, une adresse, une adresse e-mail ou un num\u00e9ro de t\u00e9l\u00e9phone.<\/p>\n<p><\/p>\n<p><b>Enregistrement<\/b><\/p>\n<p>Vous \u00eates toujours invit\u00e9s \u00e0 utiliser le site Casa Vision sans vous inscrire ni fournir d&rsquo;informations personnelles. Cependant, nous vous demandons de vous inscrire \u00e0 certains services, y compris notre newsletter gratuite pour consulter nos forums de discussion et lors de l&rsquo;achat d&rsquo;un abonnement. Lorsque vous utilisez ces fonctionnalit\u00e9s, nous divulguerons clairement quelles informations sont requises, quelles informations sont facultatives et comment ces informations peuvent \u00eatre utilis\u00e9es.<\/p>\n<p>Lorsque vous vous inscrivez pour recevoir des e-mails gratuits, nous avons besoin des informations personnelles suivantes: adresse e-mail, pr\u00e9nom et nom, code postal et coordonn\u00e9es. Nous vous demandons \u00e9galement de s\u00e9lectionner un mot de passe personnel. De plus, nous vous offrons la possibilit\u00e9 de fournir des informations suppl\u00e9mentaires, notamment le sexe, la ville, l&rsquo;\u00e9tat et le pays.<\/p>\n<p>Nous utilisons ces informations sous forme agr\u00e9g\u00e9e uniquement. En d&rsquo;autres termes, nous combinons les informations avec les donn\u00e9es collect\u00e9es aupr\u00e8s d&rsquo;autres personnes pour produire des informations statistiques anonymes et agr\u00e9g\u00e9es. Nous recueillons et utilisons des informations d\u00e9mographiques, telles que le pourcentage de visiteurs f\u00e9minins ou le nombre de visiteurs d&rsquo;un certain \u00e2ge, afin d&rsquo;am\u00e9liorer le contenu de notre site. Nous pouvons \u00e9galement partager ces informations anonymes et agr\u00e9g\u00e9es, qui n&rsquo;identifient pas les individus, avec des partenaires, des annonceurs ou d&rsquo;autres tiers. Dans les cas o\u00f9 des tiers peuvent recevoir des informations utilisateur anonymes et agr\u00e9g\u00e9es collect\u00e9es sur notre site, nos accords avec les tiers, y compris les annonceurs et les sponsors, pr\u00e9voient g\u00e9n\u00e9ralement que les tiers n&rsquo;utiliseront pas les informations utilisateur anonymes et agr\u00e9g\u00e9es pour identifier les utilisateurs individuels ou vendre , divulguer ou donner acc\u00e8s \u00e0 toute information d&rsquo;utilisateur recueillie sur notre site qui permettrait d&rsquo;identifier une personne ou de connecter une personne \u00e0 des maladies ou conditions sp\u00e9cifiques.<\/p>\n<p>Lorsque vous vous inscrivez pour utiliser les forums de discussion, nous vous demandons de fournir votre adresse e-mail et de s\u00e9lectionner un nom d&rsquo;utilisateur et un mot de passe. Nous utilisons ces informations uniquement si vous ne respectez pas nos conditions g\u00e9n\u00e9rales de participation \u00e0 ces forums et que nous devons vous contacter.<\/p>\n<p>Nous traitons toute information personnelle que vous nous donnez comme confidentielle. Nous n&rsquo;analysons pas vos informations personnelles et ne collectons pas d&rsquo;informations sp\u00e9cifiques sur votre utilisation de notre site.<\/p>\n<p>Casa Vision ne divulguera \u00e0 des tiers aucune information personnelle d&rsquo;identification recueillie aupr\u00e8s de vous lors de l&rsquo;inscription aux e-mails, chats, forums de discussion et autres fonctionnalit\u00e9s \u00e0 moins que (1) nous vous disions comment vos informations seront utilis\u00e9es et que vous donniez \u00e0 Casa Vision l&rsquo;autorisation sp\u00e9cifique de partager ces informations ou (2) Casa Vision est tenue de divulguer ces informations par toute loi ou proc\u00e9dure l\u00e9gale applicable (comme une citation \u00e0 compara\u00eetre ou une ordonnance du tribunal). Lorsque nous divulguons des informations personnelles d&rsquo;identification \u00e0 des tiers avec votre autorisation, nous demanderons au destinataire d&rsquo;utiliser les informations uniquement aux fins pr\u00e9vues.<\/p>\n<p><\/p>\n<p><b>S\u00e9curit\u00e9 des informations<\/b><\/p>\n<p>Nous nous engageons \u00e0 utiliser des proc\u00e9dures de s\u00e9curit\u00e9 pour prot\u00e9ger les informations personnelles que vous nous soumettez contre une utilisation abusive ou une divulgation non autoris\u00e9e. Les informations personnelles que vous nous soumettez sont stock\u00e9es dans notre base de donn\u00e9es s\u00e9curis\u00e9e derri\u00e8re un pare-feu \u00e9lectronique. Vous ne pouvez acc\u00e9der \u00e0 vos informations personnelles qu&rsquo;en utilisant un mot de passe. Nous vous encourageons \u00e0 changer r\u00e9guli\u00e8rement votre mot de passe et \u00e0 ne le partager avec personne.<\/p>\n<p>L&rsquo;acc\u00e8s aux donn\u00e9es au sein de Casa Vision est limit\u00e9 \u00e0 quelques techniciens informatiques de notre site qui ont besoin de maintenir la base de donn\u00e9es et qui utilisent \u00e9galement des mots de passe pour cet acc\u00e8s, ainsi qu&rsquo;aux fournisseurs externes qui peuvent occasionnellement nous aider \u00e0 maintenir et \u00e0 am\u00e9liorer notre mat\u00e9riel et nos logiciels. outils.<\/p>\n<p>Casa Vision met tout en \u0153uvre pour prot\u00e9ger vos informations personnelles. Cependant, comme d&rsquo;autres sites Internet, nous ne pouvons pas garantir qu&rsquo;il est c enti\u00e8rement \u00e0 l&rsquo;abri des personnes qui pourraient tenter de contourner les mesures de s\u00e9curit\u00e9 ou d&rsquo;intercepter les transmissions sur Internet.<\/p>\n<p>De m\u00eame, nous ne pouvons pas garantir compl\u00e8tement la confidentialit\u00e9 des communications par e-mail vers et depuis notre site car elles ne sont pas crypt\u00e9es et, par cons\u00e9quent, non s\u00e9curis\u00e9es. Ces communications, comme la plupart des courriers \u00e9lectroniques Internet, pourraient \u00eatre intercept\u00e9es \u00e0 votre insu et sans votre permission, pendant leur transit vers ou depuis notre site. Cela comprend les e-mails que vous nous envoyez via nos diff\u00e9rentes bo\u00eetes aux lettres, nos e-mails gratuits pour des sujets de sant\u00e9 sp\u00e9cifiques. Si vous \u00eates pr\u00e9occup\u00e9 par votre vie priv\u00e9e, nous vous sugg\u00e9rons de ne pas utiliser le courrier \u00e9lectronique pour nous communiquer des informations que vous jugez sensibles.<\/p>\n<p>Lorsque vous vous inscrivez aux e-mails de sant\u00e9 gratuits de Casa Vision, vos informations ne sont pas s\u00e9curis\u00e9es lors de leur transmission.<\/p>\n<p><\/p>\n<p><b>Modifier ou supprimer vos informations personnelles<\/b><\/p>\n<p>Vous pouvez modifier les informations personnelles de votre profil Casa Vision \u00e0 tout moment en cliquant sur \u00abChanger de profil\u00bb dans la barre de navigation en bas de n&rsquo;importe quelle page de notre site. Ou vous pouvez visiter Changer de profil. Si vous oubliez votre mot de passe, visitez la page de changement de profil et nous vous enverrons votre mot de passe par e-mail. Comme pour la plupart des e-mails, cette transmission n&rsquo;est pas s\u00e9curis\u00e9e.<\/p>\n<p>La d\u00e9sinscription de nos e-mails sant\u00e9 gratuits ne supprime pas vos informations personnelles de notre syst\u00e8me, m\u00eame si vous vous d\u00e9sabonnez de tous les e-mails. Nous supprimerons vos informations d&rsquo;enregistrement personnelles des zones actives et consultables de notre syst\u00e8me \u00e0 votre demande. Sachez cependant qu&rsquo;il n&rsquo;est pas possible pour nous de supprimer tous les enregistrements \u00e9lectroniques pouvant contenir vos donn\u00e9es. Nous ne pouvons pas supprimer les copies de vos informations qui peuvent exister dans les enregistrements que nous cr\u00e9ons comme sauvegarde au cas o\u00f9 nos donn\u00e9es principales seraient perdues. Nous ne pouvons pas non plus supprimer les informations des bases de donn\u00e9es anonymes et agr\u00e9g\u00e9es. Ces informations ne peuvent pas \u00eatre li\u00e9es \u00e0 vous. Casa Vision conserve et archive toutes les informations personnellement identifiables fournies par les utilisateurs. Ces donn\u00e9es sont conserv\u00e9es dans nos archives et non supprim\u00e9es.<\/p>\n<p>Si vous vous \u00eates inscrit \u00e0 nos forums de discussion et que vous souhaitez \u00e9galement que ces informations soient supprim\u00e9es, veuillez le noter dans votre demande. Veuillez nous informer si vous avez utilis\u00e9 une adresse e-mail ou un mot de passe diff\u00e9rent lors de votre inscription \u00e0 nos forums de discussion.<\/p>\n<p>Pour faire supprimer vos informations d&rsquo;inscription, envoyez votre demande par e-mail \u00e0 dominic@casa-vision.com. Vous recevrez une confirmation de notre part.<\/p>\n<p><\/p>\n<p><b>Probl\u00e8mes de confidentialit\u00e9<\/b><\/p>\n<p>Si vous avez des inqui\u00e9tudes concernant la s\u00e9curit\u00e9 ou la confidentialit\u00e9 de vos informations personnelles identifiables sur le site Web de Casa Vision, veuillez nous contacter \u00e0 dominic@casa-vision.com<\/p>\n<p><\/p>\n<p><b>Courriels<\/b><\/p>\n<p>Lorsque vous vous inscrivez \u00e0 des e-mails sant\u00e9 gratuits, nous conservons les informations sur vos s\u00e9lections uniquement dans le but de vous envoyer les e-mails. Nous n&rsquo;utilisons pas les informations personnelles d&rsquo;identification \u00e0 d&rsquo;autres fins, bien qu&rsquo;elles puissent \u00eatre incluses dans des informations statistiques anonymes et agr\u00e9g\u00e9es.<\/p>\n<p><\/p>\n<p>Nous ne vous enverrons que les informations que vous demandez.<\/p>\n<p>Les instructions pour se d\u00e9sabonner des e-mails se trouvent au bas de chaque e-mail. Cliquez sur le lien fourni et d\u00e9cochez chaque abonnement que vous souhaitez annuler. Vous pouvez \u00e9galement vous d\u00e9sinscrire en utilisant le lien \u00abChanger de profil\u00bb au bas de n&rsquo;importe quelle page de notre site. La d\u00e9sinscription des e-mails ne supprime pas vos informations personnelles de notre syst\u00e8me, m\u00eame si vous vous d\u00e9sabonnez de tous les e-mails.<\/p>\n<p><\/p>\n<p><b>Forums de discussion<\/b><\/p>\n<p>Si vous \u00eates pr\u00e9occup\u00e9 par la confidentialit\u00e9, soyez prudent lorsque vous participez ou publiez des messages sur nos forums de discussion. Les forums de discussion sont ouverts au public afin que les autres utilisateurs de ces zones de notre site puissent lire vos messages. Toutes les informations que vous incluez lorsque vous participez \u00e0 des chats ou \u00e0 des publications sur des forums de discussion sont accessibles \u00e0 toute personne ayant acc\u00e8s \u00e0 Internet. Par exemple, si vous incluez votre adresse e-mail dans un message que vous publiez sur un forum de discussion, elle est accessible au public.<\/p>\n<p>Casa Vision ne collecte pas les informations publi\u00e9es sur nos forums de discussion.<\/p>\n<p>Les forums de discussion sont surveill\u00e9s. Casa Vision se r\u00e9serve le droit de supprimer tous les messages que nous jugeons inappropri\u00e9s, contiennent un langage abusif ou menacent ou violent la vie priv\u00e9e de notre soci\u00e9t\u00e9, de nos sponsors ou de nos visiteurs, comme pr\u00e9vu dans nos conditions g\u00e9n\u00e9rales.<\/p>\n<p><\/p>\n<p><b>Cookies<\/b><\/p>\n<p>Les Cookies sont de petits \u00e9l\u00e9ments d\u2019information plac\u00e9s sur le disque dur de votre ordinateur par un site Web. Il s&rsquo;agit d&rsquo;un simple fichier texte qui aide votre navigateur \u00e0 se souvenir de certaines informations que le site Web peut r\u00e9cup\u00e9rer ult\u00e9rieurement pour rationaliser la communication entre votre navigateur et le site Web. Casa Vision ne stocke pas ces informations. Notre site ne peut lire que les cookies plac\u00e9s sur votre ordinateur par nous. Nous ne pouvons acc\u00e9der \u00e0 aucune information sur votre disque dur qui y est plac\u00e9e par vous ou par toute autre source.<\/p>\n<p>Casa Vision utilise uniquement des cookies b\u00e9nins qui n&rsquo;ont aucune fonctionnalit\u00e9. Cela signifie que le cookie ne peut rien faire sur le disque dur de votre ordinateur et ne peut pas lire les informations du disque dur de votre ordinateur.<\/p>\n<p>Casa Vision utilise des cookies pour la commodit\u00e9 de l&rsquo;utilisateur. Le cookie indiquera \u00e0 notre syst\u00e8me certaines informations afin que vous n&rsquo;ayez pas \u00e0 remplir les m\u00eames informations chaque fois que vous nous visitez. Les cookies vous permettent \u00e9galement de cr\u00e9er et de maintenir un \u00abpanier\u00bb dans la Casa Boutique de catalogues Vision. Lorsque vous poursuivez vos achats et que vous revenez au panier, le cookie identifie quel panier vous appartient.<\/p>\n<p>Les cookies peuvent \u00e9galement \u00eatre utilis\u00e9s par Casa Vision sur une base agr\u00e9g\u00e9e pour suivre la navigation sur le site. Ces informations ne sont pas tra\u00e7ables \u00e0 un utilisateur individuel. Les flux de navigation sont utilis\u00e9s pour nous aider \u00e0 d\u00e9terminer o\u00f9 les gens vont lorsqu&rsquo;ils visitent notre site et combien de temps ils restent dans une zone particuli\u00e8re. Ces informations sont utilis\u00e9es pour am\u00e9liorer notre site et peuvent \u00eatre partag\u00e9es avec les annonceurs.<\/p>\n<p>Contrairement \u00e0 de nombreux autres sites Web, Casa Vision n&rsquo;utilise pas de cookies pour adapter les publicit\u00e9s ou autres informations qui apparaissent lors de votre visite \u00e0 vos pr\u00e9f\u00e9rences ou \u00e0 votre utilisation de notre site.<\/p>\n<p>Si vous cliquez sur une publicit\u00e9 ou une reconnaissance de parrainage, vous quitterez Casa Vision et serez dirig\u00e9 vers le site de l\u2019annonceur ou du sponsor. Sachez que Casa Vision n&rsquo;a aucun contr\u00f4le sur les pratiques des autres sites Web. Votre ordinateur peut recevoir des cookies d&rsquo;autres sites et vous ne serez pas prot\u00e9g\u00e9 par les politiques de s\u00e9curit\u00e9 et de confidentialit\u00e9 de Casa Vision.<\/p>\n<p>La fonction de cookie peut \u00eatre d\u00e9sactiv\u00e9e sur votre navigateur. Pour plus d&rsquo;informations sur la d\u00e9sactivation de la fonction de cookie, consultez la section d&rsquo;aide de votre navigateur. Si vous choisissez de d\u00e9sactiver les cookies, vous pouvez toujours acc\u00e9der \u00e0 toutes les zones de notre site. Une fois la fonction de cookie de votre navigateur d\u00e9sactiv\u00e9e, vous devrez peut-\u00eatre \u00abrefuser\u00bb un cookie chaque fois que vous en rencontrez un qui effectue une recherche sur notre site.<\/p>\n<p><\/p>\n<p><b>Adresses IP<\/b><\/p>\n<p>Une adresse IP (Internet Protocol) est un num\u00e9ro qui est automatiquement attribu\u00e9 \u00e0 votre ordinateur par votre fournisseur d&rsquo;acc\u00e8s Internet (FAI) chaque fois que vous acc\u00e9dez \u00e0 Internet. Ce num\u00e9ro peut \u00eatre le m\u00eame chaque fois que vous acc\u00e9dez \u00e0 Internet ou il peut changer. Comme d&rsquo;autres sites Internet, Casa Vision utilise des adresses IP pour collecter des informations globales sur le nombre de visiteurs et l&rsquo;utilisation du site. L&rsquo;adresse est enregistr\u00e9e sur notre serveur lorsque votre ordinateur demande des informations \u00e0 Casa Vision. Cependant, pour permettre aux utilisateurs d&rsquo;acc\u00e9der \u00e0 notre site de mani\u00e8re anonyme, votre adresse IP n&rsquo;est pas li\u00e9e aux informations personnelles vous concernant. Casa Vision se r\u00e9serve le droit, dans de rares cas, d&rsquo;utiliser des adresses IP pour identifier les personnes qui menacent notre site, notre service ou nos clients.<\/p>\n<p><\/p>\n<p><b>Enqu\u00eates, questionnaires et sondages<\/b><\/p>\n<p>Lorsque vous r\u00e9pondez \u00e0 des enqu\u00eates, questionnaires ou sondages sur notre site, nous pouvons, \u00e0 certains moments, vous demander des informations d\u00e9mographiques telles que votre sexe ou votre \u00e2ge. Ces informations sont collect\u00e9es uniquement sous forme d&rsquo;informations anonymes et agr\u00e9g\u00e9es et sont utilis\u00e9es \u00e0 des fins statistiques. Sinon, nous ne collectons ni ne stockons vos r\u00e9ponses personnelles.<\/p>\n<p><\/p>\n<p><b>Concours<\/b><\/p>\n<p>Lorsque nous organisons un concours, nous pouvons vous demander des informations personnelles lorsque vous participez au concours. Si tel est le cas, nous d\u00e9crirons dans chaque cas pourquoi nous demandons ces informations personnelles et comment nous pr\u00e9voyons d&rsquo;utiliser ces informations.<\/p>\n<p><\/p>\n<p><b>Enfants<\/b><\/p>\n<p>Nous n&rsquo;autoriserons pas sciemment les enfants de moins de 13 ans \u00e0 s&rsquo;inscrire sur notre site \u00e0 quelque fin que ce soit ou \u00e0 acc\u00e9der \u00e0 des fonctionnalit\u00e9s n\u00e9cessitant une inscription. Nous demandons aux visiteurs d&rsquo;indiquer leur ann\u00e9e de naissance pour s&rsquo;inscrire. Si nous apprenons que nous avons par inadvertance recueilli des informations personnelles d&rsquo;identification d&rsquo;un enfant de moins de 13 ans, nous supprimerons rapidement ces informations de notre syst\u00e8me.<\/p>\n<p><\/p>\n<p><b>Quitter Casa Vision<\/b><\/p>\n<p>Cette politique de confidentialit\u00e9 s&rsquo;applique uniquement tant que vous restez sur le site Web de Casa Vision. Une fois que vous quittez Casa Vision pour visiter un autre site, nous n&rsquo;avons aucun contr\u00f4le sur vos probl\u00e8mes de confidentialit\u00e9 ou de s\u00e9curit\u00e9, m\u00eame si vous avez atteint l&rsquo;autre site en cliquant sur un lien dans Casa Vision.<\/p>\n<p>Tout au long de Casa Vision, vous verrez des liens qui peuvent vous conduire vers un autre site. Si vous cliquez sur une publicit\u00e9 ou une reconnaissance de parrainage pendant que vous \u00eates sur Casa Vision, vous quitterez Casa Vision et serez dirig\u00e9 vers le site de l\u2019annonceur ou du sponsor. De plus, si vous cliquez sur un lien ou une banni\u00e8re \u00abRetour \u00e0\u00bb ou \u00abRetour \u00e0\u00bb pour un autre site Web, vous quitterez Casa Vision et serez dirig\u00e9 vers le site Web li\u00e9. Casa Vision propose \u00e9galement des listes de ressources contenant des liens vers les sites Web des agences gouvernementales et des organisations \u00e0 but non lucratif. Si vous cliquez sur ces liens, vous quitterez Casa Vision et serez redirig\u00e9 vers le site Web de cette agence ou organisation. Parfois, cliquer sur un lien hypertexte dans un article fera appara\u00eetre des informations sur un autre site sans avertissement. Dans ces cas, cependant, les informations appara\u00eetront dans une seconde fen\u00eatre \u00abpop-up\u00bb plus petite et la page Casa Vision restera clairement visible sur l&rsquo;\u00e9cran de votre ordinateur.<\/p>\n<p><\/p>\n<p><b>Effet de la politique de confidentialit\u00e9<\/b><\/p>\n<p>Cette politique de confidentialit\u00e9 n&rsquo;est pas destin\u00e9e \u00e0 et ne cr\u00e9e aucun droit contractuel ou l\u00e9gal dans ou au nom d&rsquo;une partie.<\/p>\t\t\t\t\t\t\t\t<\/div>\n\t\t\t\t<\/div>\n\t\t\t\t\t<\/div>\n\t\t<\/div>\n\t\t\t\t\t<\/div>\n\t\t<\/section>\n\t\t\t\t<\/div>\n\t\t","protected":false},"excerpt":{"rendered":"<p>Politique de confidentialit\u00e9 Introduction Casa Vision est un chef de file dans l&rsquo;\u00e9tablissement de normes \u00e9thiques pour les sites Web de sant\u00e9 Internet Practioner. Casa Vision se consacre \u00e0 l&rsquo;\u00e9tablissement des normes les plus \u00e9lev\u00e9es en mati\u00e8re de confidentialit\u00e9, de s\u00e9curit\u00e9, de cr\u00e9dibilit\u00e9 et de fiabilit\u00e9. Nous pr\u00e9sentons cette politique pour vous donner une compr\u00e9hension [&hellip;]<\/p>\n","protected":false},"author":1,"featured_media":0,"parent":0,"menu_order":0,"comment_status":"closed","ping_status":"closed","template":"elementor_header_footer","meta":{"_acf_changed":false,"footnotes":""},"class_list":["post-1090","page","type-page","status-publish","hentry"],"acf":[],"_links":{"self":[{"href":"https:\/\/casa-vision.com\/fr\/wp-json\/wp\/v2\/pages\/1090","targetHints":{"allow":["GET"]}}],"collection":[{"href":"https:\/\/casa-vision.com\/fr\/wp-json\/wp\/v2\/pages"}],"about":[{"href":"https:\/\/casa-vision.com\/fr\/wp-json\/wp\/v2\/types\/page"}],"author":[{"embeddable":true,"href":"https:\/\/casa-vision.com\/fr\/wp-json\/wp\/v2\/users\/1"}],"replies":[{"embeddable":true,"href":"https:\/\/casa-vision.com\/fr\/wp-json\/wp\/v2\/comments?post=1090"}],"version-history":[{"count":17,"href":"https:\/\/casa-vision.com\/fr\/wp-json\/wp\/v2\/pages\/1090\/revisions"}],"predecessor-version":[{"id":1439,"href":"https:\/\/casa-vision.com\/fr\/wp-json\/wp\/v2\/pages\/1090\/revisions\/1439"}],"wp:attachment":[{"href":"https:\/\/casa-vision.com\/fr\/wp-json\/wp\/v2\/media?parent=1090"}],"curies":[{"name":"wp","href":"https:\/\/api.w.org\/{rel}","templated":true}]}}