{"id":1094,"date":"2020-11-15T20:30:02","date_gmt":"2020-11-16T01:30:02","guid":{"rendered":"http:\/\/72.52.162.119\/~casavision\/?page_id=1094"},"modified":"2020-11-23T21:58:45","modified_gmt":"2020-11-24T02:58:45","slug":"ressources","status":"publish","type":"page","link":"https:\/\/casa-vision.com\/fr\/ressources\/","title":{"rendered":"Ressources"},"content":{"rendered":"\t\t<div data-elementor-type=\"wp-page\" data-elementor-id=\"1094\" class=\"elementor elementor-1094\">\n\t\t\t\t\t\t<section class=\"elementor-section elementor-top-section elementor-element elementor-element-2ee1aee elementor-section-boxed elementor-section-height-default elementor-section-height-default\" data-id=\"2ee1aee\" data-element_type=\"section\" data-e-type=\"section\" data-settings=\"{&quot;background_background&quot;:&quot;classic&quot;}\">\n\t\t\t\t\t\t<div class=\"elementor-container elementor-column-gap-no\">\n\t\t\t\t\t<div class=\"elementor-column elementor-col-100 elementor-top-column elementor-element elementor-element-6b6d86b\" data-id=\"6b6d86b\" data-element_type=\"column\" data-e-type=\"column\">\n\t\t\t<div class=\"elementor-widget-wrap elementor-element-populated\">\n\t\t\t\t\t\t<div class=\"elementor-element elementor-element-4d3a536 elementor-widget elementor-widget-heading\" data-id=\"4d3a536\" data-element_type=\"widget\" data-e-type=\"widget\" data-widget_type=\"heading.default\">\n\t\t\t\t<div class=\"elementor-widget-container\">\n\t\t\t\t\t<h1 class=\"elementor-heading-title elementor-size-default\">Ressources<\/h1>\t\t\t\t<\/div>\n\t\t\t\t<\/div>\n\t\t\t\t\t<\/div>\n\t\t<\/div>\n\t\t\t\t\t<\/div>\n\t\t<\/section>\n\t\t\t\t<section class=\"elementor-section elementor-top-section elementor-element elementor-element-65103e1 elementor-section-boxed elementor-section-height-default elementor-section-height-default\" data-id=\"65103e1\" data-element_type=\"section\" data-e-type=\"section\">\n\t\t\t\t\t\t<div class=\"elementor-container elementor-column-gap-no\">\n\t\t\t\t\t<div class=\"elementor-column elementor-col-100 elementor-top-column elementor-element elementor-element-ff2cb4b\" data-id=\"ff2cb4b\" data-element_type=\"column\" data-e-type=\"column\">\n\t\t\t<div class=\"elementor-widget-wrap elementor-element-populated\">\n\t\t\t\t\t\t<div class=\"elementor-element elementor-element-4945fa2 elementor-widget elementor-widget-raven-posts\" data-id=\"4945fa2\" data-element_type=\"widget\" data-e-type=\"widget\" data-settings=\"{&quot;classic_columns&quot;:&quot;2&quot;,&quot;query_posts_per_page&quot;:8,&quot;_skin&quot;:&quot;classic&quot;,&quot;classic_layout&quot;:&quot;grid&quot;,&quot;classic_columns_tablet&quot;:&quot;2&quot;,&quot;classic_columns_mobile&quot;:&quot;1&quot;,&quot;query_offset&quot;:0}\" data-widget_type=\"raven-posts.classic\">\n\t\t\t\t<div class=\"elementor-widget-container\">\n\t\t\t\t\t\t\t<div class=\"raven-posts raven-grid raven-grid-2 raven-grid-mobile-1 raven-grid-tablet-2\" data-post-id=\"1094\" data-archive-query=\"\" data-lang=\"\">\n\t\t\t\t<div class=\"raven-grid-item raven-post-item post-1242 post type-post status-publish format-standard hentry\">\n\t\t\t<div class=\"raven-post\">\n\t\t\t\t\t\t\t\t<div class=\"raven-post-content\">\n\t\t\t\t\t<h3 class=\"raven-post-title\"><a class=\"raven-post-title-link\" href=\"https:\/\/casa-vision.com\/fr\/5-etapes-pour-lutter-contre-la-secheresse-oculaire-chez-les-porteurs-de-lentilles-de-contact\/\">5 \u00e9tapes pour lutter contre la s\u00e9cheresse oculaire chez les porteurs de lentilles de contact<\/a><\/h3><div class=\"raven-post-excerpt\">Et selon les rapports des meilleurs cliniciens, ces nouveaux outils sont utiles. Ils disent qu&rsquo;ils peuvent diagnostiquer plus pr\u00e9cis\u00e9ment la cause de la s\u00e9cheresse oculaire chez un patient donn\u00e9, puis<\/div>\t\t<div class=\"raven-post-read-more\">\n\t\t\t<a class=\"raven-post-button\" href=\"https:\/\/casa-vision.com\/fr\/5-etapes-pour-lutter-contre-la-secheresse-oculaire-chez-les-porteurs-de-lentilles-de-contact\/\"><span class=\"raven-post-button-text\">Lire la suite<\/span><\/a>\n\t\t<\/div>\n\t\t\t\t\t\t<\/div>\n\t\t\t<\/div>\n\t\t<\/div>\n\t\t\t\t<div class=\"raven-grid-item raven-post-item post-1237 post type-post status-publish format-standard hentry category-uncategorized\">\n\t\t\t<div class=\"raven-post\">\n\t\t\t\t\t\t\t\t<div class=\"raven-post-content\">\n\t\t\t\t\t<h3 class=\"raven-post-title\"><a class=\"raven-post-title-link\" href=\"https:\/\/casa-vision.com\/fr\/allergies-et-port-de-lentilles-comment-eliminer-les-demangeaisons\/\">Allergies et port de lentilles: comment \u00e9liminer les d\u00e9mangeaisons<\/a><\/h3><div class=\"raven-post-excerpt\">Le Dr Hansen, diplomate et membre de l&rsquo;American Academy of Optometry, exerce en pratique priv\u00e9e \u00e0 Des Moines, Iowa. Les estimations indiquent que 20 pour cent de la population g\u00e9n\u00e9rale,<\/div>\t\t<div class=\"raven-post-read-more\">\n\t\t\t<a class=\"raven-post-button\" href=\"https:\/\/casa-vision.com\/fr\/allergies-et-port-de-lentilles-comment-eliminer-les-demangeaisons\/\"><span class=\"raven-post-button-text\">Lire la suite<\/span><\/a>\n\t\t<\/div>\n\t\t\t\t\t\t<\/div>\n\t\t\t<\/div>\n\t\t<\/div>\n\t\t\t\t<div class=\"raven-grid-item raven-post-item post-1232 post type-post status-publish format-standard hentry\">\n\t\t\t<div class=\"raven-post\">\n\t\t\t\t\t\t\t\t<div class=\"raven-post-content\">\n\t\t\t\t\t<h3 class=\"raven-post-title\"><a class=\"raven-post-title-link\" href=\"https:\/\/casa-vision.com\/fr\/points-forts-des-lentilles-de-contact-darvo\/\">Points forts des lentilles de contact d&rsquo;Arvo<\/a><\/h3><div class=\"raven-post-excerpt\">Les \u00e9tudes pr\u00e9sent\u00e9es cette ann\u00e9e \u00e0 l\u2019Association pour la recherche en vision et en ophtalmologie (ARVO) pourraient avoir un effet significatif sur votre pratique quotidienne des lentilles de contact. La<\/div>\t\t<div class=\"raven-post-read-more\">\n\t\t\t<a class=\"raven-post-button\" href=\"https:\/\/casa-vision.com\/fr\/points-forts-des-lentilles-de-contact-darvo\/\"><span class=\"raven-post-button-text\">Lire la suite<\/span><\/a>\n\t\t<\/div>\n\t\t\t\t\t\t<\/div>\n\t\t\t<\/div>\n\t\t<\/div>\n\t\t\t\t<div class=\"raven-grid-item raven-post-item post-1227 post type-post status-publish format-standard hentry\">\n\t\t\t<div class=\"raven-post\">\n\t\t\t\t\t\t\t\t<div class=\"raven-post-content\">\n\t\t\t\t\t<h3 class=\"raven-post-title\"><a class=\"raven-post-title-link\" href=\"https:\/\/casa-vision.com\/fr\/coupables-de-secheresse-oculaire-dans-le-monde-de-la-drogue\/\">Coupables de s\u00e9cheresse oculaire dans le monde de la drogue<\/a><\/h3><div class=\"raven-post-excerpt\">De nombreuses strat\u00e9gies li\u00e9es aux lentilles de contact peuvent \u00eatre envisag\u00e9es pour aider \u00e0 combattre ces plaintes et visent souvent \u00e0 changer les mat\u00e9riaux des lentilles et les cycles de<\/div>\t\t<div class=\"raven-post-read-more\">\n\t\t\t<a class=\"raven-post-button\" href=\"https:\/\/casa-vision.com\/fr\/coupables-de-secheresse-oculaire-dans-le-monde-de-la-drogue\/\"><span class=\"raven-post-button-text\">Lire la suite<\/span><\/a>\n\t\t<\/div>\n\t\t\t\t\t\t<\/div>\n\t\t\t<\/div>\n\t\t<\/div>\n\t\t\t\t<div class=\"raven-grid-item raven-post-item post-1219 post type-post status-publish format-standard hentry\">\n\t\t\t<div class=\"raven-post\">\n\t\t\t\t\t\t\t\t<div class=\"raven-post-content\">\n\t\t\t\t\t<h3 class=\"raven-post-title\"><a class=\"raven-post-title-link\" href=\"https:\/\/casa-vision.com\/fr\/clignez-des-yeux-ne-frottez-pas\/\">Clignez les yeux, ne frottez pas<\/a><\/h3><div class=\"raven-post-excerpt\">Quoi de plus facile que de cligner des yeux pour obtenir une vision plus claire et plus confortable? Les gouttes nettoyantes \/ mouillantes pour les yeux sont sur le march\u00e9<\/div>\t\t<div class=\"raven-post-read-more\">\n\t\t\t<a class=\"raven-post-button\" href=\"https:\/\/casa-vision.com\/fr\/clignez-des-yeux-ne-frottez-pas\/\"><span class=\"raven-post-button-text\">Lire la suite<\/span><\/a>\n\t\t<\/div>\n\t\t\t\t\t\t<\/div>\n\t\t\t<\/div>\n\t\t<\/div>\n\t\t\t\t<div class=\"raven-grid-item raven-post-item post-1212 post type-post status-publish format-standard hentry\">\n\t\t\t<div class=\"raven-post\">\n\t\t\t\t\t\t\t\t<div class=\"raven-post-content\">\n\t\t\t\t\t<h3 class=\"raven-post-title\"><a class=\"raven-post-title-link\" href=\"https:\/\/casa-vision.com\/fr\/une-nouvelle-solution-pour-nettoyer-et-desinfecter-les-verres-gp\/\">Une nouvelle solution pour nettoyer et d\u00e9sinfecter les verres GP<\/a><\/h3><div class=\"raven-post-excerpt\">Ce syst\u00e8me de d\u00e9sinfection au bureau semble d\u00e9pouiller une lentille des d\u00e9p\u00f4ts apr\u00e8s un trempage de 30 minutes sans polissage \u00e0 la main ni nettoyage num\u00e9rique requis (bien qu&rsquo;un nettoyage<\/div>\t\t<div class=\"raven-post-read-more\">\n\t\t\t<a class=\"raven-post-button\" href=\"https:\/\/casa-vision.com\/fr\/une-nouvelle-solution-pour-nettoyer-et-desinfecter-les-verres-gp\/\"><span class=\"raven-post-button-text\">Lire la suite<\/span><\/a>\n\t\t<\/div>\n\t\t\t\t\t\t<\/div>\n\t\t\t<\/div>\n\t\t<\/div>\n\t\t\t\t<div class=\"raven-grid-item raven-post-item post-1207 post type-post status-publish format-standard hentry\">\n\t\t\t<div class=\"raven-post\">\n\t\t\t\t\t\t\t\t<div class=\"raven-post-content\">\n\t\t\t\t\t<h3 class=\"raven-post-title\"><a class=\"raven-post-title-link\" href=\"https:\/\/casa-vision.com\/fr\/produits-pour-les-yeux-secs\/\">Produits pour les yeux secs<\/a><\/h3><div class=\"raven-post-excerpt\">Qu&rsquo;est-ce qui s\u00e9pare un neuro-ophtalmologiste d&rsquo;un ophtalmologiste? La r\u00e9ponse est: \u00abEnviron une heure\u00bb, c&rsquo;est-\u00e0-dire le d\u00e9calage horaire pass\u00e9 avec le patient. Cet esprit d&rsquo;esprit refl\u00e8te \u00e9galement la situation lorsque nous<\/div>\t\t<div class=\"raven-post-read-more\">\n\t\t\t<a class=\"raven-post-button\" href=\"https:\/\/casa-vision.com\/fr\/produits-pour-les-yeux-secs\/\"><span class=\"raven-post-button-text\">Lire la suite<\/span><\/a>\n\t\t<\/div>\n\t\t\t\t\t\t<\/div>\n\t\t\t<\/div>\n\t\t<\/div>\n\t\t\t\t<\/div>\n\t\t\t\t\t\t<\/div>\n\t\t\t\t<\/div>\n\t\t\t\t\t<\/div>\n\t\t<\/div>\n\t\t\t\t\t<\/div>\n\t\t<\/section>\n\t\t\t\t<\/div>\n\t\t","protected":false},"excerpt":{"rendered":"<p>Ressources Dry Eye Products What separates a neuro-ophthalmologist from an ophthalmologist? The answer is: \u201cAbout an hour\u201d-that is, the time difference spent with the patient. This witticism also reflects the situation when we examine Lire la suite A New Solution for Cleaning And Disinfecting GP Lenses This in-office disinfection system seems to strip a lens [&hellip;]<\/p>\n","protected":false},"author":1,"featured_media":0,"parent":0,"menu_order":0,"comment_status":"closed","ping_status":"closed","template":"elementor_header_footer","meta":{"_acf_changed":false,"footnotes":""},"class_list":["post-1094","page","type-page","status-publish","hentry"],"acf":[],"_links":{"self":[{"href":"https:\/\/casa-vision.com\/fr\/wp-json\/wp\/v2\/pages\/1094","targetHints":{"allow":["GET"]}}],"collection":[{"href":"https:\/\/casa-vision.com\/fr\/wp-json\/wp\/v2\/pages"}],"about":[{"href":"https:\/\/casa-vision.com\/fr\/wp-json\/wp\/v2\/types\/page"}],"author":[{"embeddable":true,"href":"https:\/\/casa-vision.com\/fr\/wp-json\/wp\/v2\/users\/1"}],"replies":[{"embeddable":true,"href":"https:\/\/casa-vision.com\/fr\/wp-json\/wp\/v2\/comments?post=1094"}],"version-history":[{"count":11,"href":"https:\/\/casa-vision.com\/fr\/wp-json\/wp\/v2\/pages\/1094\/revisions"}],"predecessor-version":[{"id":1457,"href":"https:\/\/casa-vision.com\/fr\/wp-json\/wp\/v2\/pages\/1094\/revisions\/1457"}],"wp:attachment":[{"href":"https:\/\/casa-vision.com\/fr\/wp-json\/wp\/v2\/media?parent=1094"}],"curies":[{"name":"wp","href":"https:\/\/api.w.org\/{rel}","templated":true}]}}